{"id":966,"date":"2011-05-05T18:14:43","date_gmt":"2011-05-05T15:14:43","guid":{"rendered":"http:\/\/wp1189977.wp214.webpack.hosteurope.de\/wp\/?page_id=966"},"modified":"2014-07-17T18:22:23","modified_gmt":"2014-07-17T15:22:23","slug":"masnahmen-der-agenda-gruppe","status":"publish","type":"page","link":"http:\/\/wp1189977.server-he.de\/wp\/?page_id=966","title":{"rendered":"Ma\u00dfnahmen"},"content":{"rendered":"<p>Seit nunmehr 12 Jahren ist die lokale Agenda-21-Gruppe Uengershausen aktiv.<\/p>\n<p>Aktuellste Projeket sind die Radweginitiative und die Installation des Dorfladens.<br \/>\nF\u00fcr 2015 ist wieder die Durchf\u00fchrung eines Dorffestes angedacht.<\/p>\n<p>Hier einige Ma\u00dfnahmen und Themen aus den vergangenen Jahren, die zum Teil etabliert sind und langfristig ihren Teil zu einem lohnenswerten Dorfleben beitragen:<\/p>\n<ul>\n<li>\u00a0Dorfladen<\/li>\n<li>Streuobstwiesen<\/li>\n<li>Spielplatz<br \/>\n&#8211;\u00a0\u00a0\u00a0 erweitern<br \/>\n&#8211;\u00a0\u00a0\u00a0 pflegen-<\/li>\n<li>Gr\u00fcner Markt Reichenberg<br \/>\n&#8211; Treffen der Anbieter<\/li>\n<li>Radweg Uengershausen &#8211; Reichenberg<\/li>\n<li>\u00d6PNV Rbg.- Uegh.<\/li>\n<li>Seniorennachmittag mit historischen Fotos<\/li>\n<li>Dorfkalender Uengershausen<\/li>\n<li>Teilnahme am Weihnachtsmarkt Reichenberg<\/li>\n<li>Heilig Abend: Weihnachtsh\u00e4uschen aufstellen<\/li>\n<li>\u201eDorfgespr\u00e4ch\u201c<\/li>\n<li>Jeden 1. Dienstag im Monat Frauenfr\u00fchst\u00fcck<\/li>\n<li>Verkehrsbeeschilderung nach Uengershausen<\/li>\n<li>Informationstafeln Streuobst<br \/>\nWas?<\/li>\n<li>Saftpressen in Uengershausen:<br \/>\n-Saftpresse ausleihen oder in Eigenregie?<\/li>\n<li>Fortbildung in der Agenda-Arbeit<\/li>\n<li>Dorffest 2007, Dorffest 2011<\/li>\n<li>Vorbereitung des Dorffestes 2015<\/li>\n<li>Durchf\u00fchrung der Feier 10-J\u00e4hriges Agenda-Bestehen<\/li>\n<li>Werbung\u00a0 f\u00fcr Agenda-Arbeit<\/li>\n<li>Internet-Auftritt<\/li>\n<li>Protokoll f\u00fchren<\/li>\n<li>Mitarbeit an Kirchenvorplatz-Gestaltung<\/li>\n<\/ul>\n<p>&nbsp;<\/p>\n","protected":false},"excerpt":{"rendered":"<p>Seit nunmehr 12 Jahren ist die lokale Agenda-21-Gruppe Uengershausen aktiv. Aktuellste Projeket sind die Radweginitiative und die Installation des Dorfladens. F\u00fcr 2015 ist wieder die Durchf\u00fchrung eines Dorffestes angedacht. Hier einige Ma\u00dfnahmen und Themen aus den vergangenen Jahren, die zum &hellip; <a href=\"http:\/\/wp1189977.server-he.de\/wp\/?page_id=966\">Weiterlesen <span class=\"meta-nav\">&rarr;<\/span><\/a><\/p>\n","protected":false},"author":1,"featured_media":0,"parent":2,"menu_order":0,"comment_status":"closed","ping_status":"closed","template":"","meta":[],"_links":{"self":[{"href":"http:\/\/wp1189977.server-he.de\/wp\/index.php?rest_route=\/wp\/v2\/pages\/966"}],"collection":[{"href":"http:\/\/wp1189977.server-he.de\/wp\/index.php?rest_route=\/wp\/v2\/pages"}],"about":[{"href":"http:\/\/wp1189977.server-he.de\/wp\/index.php?rest_route=\/wp\/v2\/types\/page"}],"author":[{"embeddable":true,"href":"http:\/\/wp1189977.server-he.de\/wp\/index.php?rest_route=\/wp\/v2\/users\/1"}],"replies":[{"embeddable":true,"href":"http:\/\/wp1189977.server-he.de\/wp\/index.php?rest_route=%2Fwp%2Fv2%2Fcomments&post=966"}],"version-history":[{"count":7,"href":"http:\/\/wp1189977.server-he.de\/wp\/index.php?rest_route=\/wp\/v2\/pages\/966\/revisions"}],"predecessor-version":[{"id":969,"href":"http:\/\/wp1189977.server-he.de\/wp\/index.php?rest_route=\/wp\/v2\/pages\/966\/revisions\/969"}],"up":[{"embeddable":true,"href":"http:\/\/wp1189977.server-he.de\/wp\/index.php?rest_route=\/wp\/v2\/pages\/2"}],"wp:attachment":[{"href":"http:\/\/wp1189977.server-he.de\/wp\/index.php?rest_route=%2Fwp%2Fv2%2Fmedia&parent=966"}],"curies":[{"name":"wp","href":"https:\/\/api.w.org\/{rel}","templated":true}]}}