{"id":9,"date":"2010-04-09T14:34:16","date_gmt":"2010-04-09T11:34:16","guid":{"rendered":"http:\/\/wp1189977.wp214.webpack.hosteurope.de\/wp\/?page_id=9"},"modified":"2018-02-08T12:03:08","modified_gmt":"2018-02-08T09:03:08","slug":"tsv-uengershausen","status":"publish","type":"page","link":"http:\/\/wp1189977.server-he.de\/wp\/?page_id=9","title":{"rendered":"TSV Uengershausen"},"content":{"rendered":"<p><a href=\"http:\/\/wp1189977.wp214.webpack.hosteurope.de\/wp\/wp-content\/uploads\/2010\/04\/tsv-logo.jpg\"><img decoding=\"async\" loading=\"lazy\" class=\"alignnone size-thumbnail wp-image-186\" title=\"tsv-logo\" src=\"http:\/\/wp1189977.wp214.webpack.hosteurope.de\/wp\/wp-content\/uploads\/2010\/04\/tsv-logo-150x150.jpg\" alt=\"\" width=\"150\" height=\"150\" \/><\/a><\/p>\n<p>Die Tabellen f\u00fcr die Fu\u00dfballmannschaften (Spielgemeinschaft mit SV Geroldshausen)\u00a0 findet man bei der Main Post<\/p>\n<p>(unten stehenden Link anklicken):<\/p>\n<p>1. Mannschaft: A-Klasse W\u00fcrzburg Gr. 2<\/p>\n<p><a href=\"http:\/\/www.mainpost.de\/sport\/tabellen\/fussball\/\" target=\"_blank\">Aktuelle Spielpl\u00e4ne und Ergebnistabellen <\/a><\/p>\n<h2><span style=\"text-decoration: underline;\">Einige TSV &#8211; Ereignisse der vergangenen Jahre:<\/span><\/h2>\n<h2>27. Mai 2016: Ausflug der M\u00e4nnergymnastik nach Schillingsf\u00fcrst<\/h2>\n<h2>8. Mai 2015: Ausflug der M\u00e4nnergymnastik in die Hochrh\u00f6n<\/h2>\n<h2><strong>12. Mai 2014: Reinhold Semmel gestorben<\/strong><\/h2>\n<pre class=\"MsoNormal\">Der TSV Uengershausen trauert um seinenlangj\u00e4hrigen 1. Vorsitzenden.\r\n<!--[if gte mso 9]><xml>\r\n <o:OfficeDocumentSettings>\r\n  <o:AllowPNG\/>\r\n <\/o:OfficeDocumentSettings>\r\n<\/xml><![endif]-->\r\n\r\nAm 12. Mai 2014 verstarb der langj\u00e4hrige 1. Vorstand des\r\nTurn- und Sportvereins Uengershausen, Reinhold Semmel, im Alter von\r\n75 Jahren.\r\n\r\nReinhold Semmel wurde 1966 Mitglied und war seitdem in vielf\u00e4ltiger\r\nWeise<span style=\"mso-spacerun: yes;\">\u00a0 <\/span>f\u00fcr den Verein aktiv.\r\n\r\nZun\u00e4chst war er Spieler in der 2. Herrenmannschaft, dann war\r\ner zus\u00e4tzlich Trainer und Betreuer der damaligen Sch\u00fclermannschaft.\r\nEr wirkte im positiven Sinn pers\u00f6nlichkeitspr\u00e4gend auf die damals\r\njungen Menschen, von denen so mancher heute noch dankbar f\u00fcr diese\r\nZeit ist. \r\n\r\nAls Mitglied des Gemeinderats der damals noch selbstst\u00e4ndigen\r\nOrtschaft Uengershausen und auch nach der Zusammenlegung mit\r\nReichenberg im Rahmen der Gebietsreform setzte er sich vehement\r\nf\u00fcr seine Vision einer Erweiterung des Sportgel\u00e4ndes<span style=\"mso-spacerun: yes;\">\u00a0 <\/span>um einen<span style=\"mso-spacerun: yes;\">\u00a0 <\/span>\r\nneuen, zweiten Fu\u00dfballplatz ein. Dieser Einsatz war schlie\u00dflich\r\nvon Erfolg gekr\u00f6nt. Am 18. Februar 1984 begannen die Bauarbeiten\r\nund Reinhold Semmel erreichte beim ehrenamtlichen Einsatz die\r\nmit Abstand h\u00f6chste<span style=\"mso-spacerun: yes;\">\u00a0 <\/span>Arbeitsstundenzahl aller Helfer.\r\n\r\nSeine Innovationskraft und seinen Weitblick bewies er Anfang\r\nder 70er Jahre mit der von ihm eingeleiteten Gr\u00fcndung einer\r\nDamen-Fu\u00dfballabteilung, f\u00fcr die er auch der erste Trainer war.\r\nErst nach vielen erfolgreichen Jahren l\u00f6ste sich die Damenabteilung <span style=\"mso-spacerun: yes;\">\u00a0<\/span>\r\nAnfang des 21. Jahrhunderts wegen der f\u00fcr einen kleinen Dorfverein\r\nnicht mehr tragbaren finanziellen Belastung von Uengershausen los.\r\n\r\nReinhold Semmel hatte den Posten des ersten Vorstandes von\r\n1969 bis 1973 und von 1982 bis 2001 inne. In dieser Zeit bewies er\r\nsein unschlagbares Organisationstalent. Nur er war in der Lage, f\u00fcr\r\ndie vielf\u00e4ltigen Gemeinschaftsaufgaben, die ein guter Sportbetrieb\r\nerfordert, die notwendigen Helfer und Helferinnen zu organisieren.\r\nWenn \u201eder Semmel\u201c kam, konnte keiner \u201anein\u2018 sagen. Nur er war in\r\nder Lage, aufgrund seiner Pers\u00f6nlichkeit und seiner unendlich\r\nvielen Kontakte zu Vereinen und Personen im weiten Umkreis,\r\ngro\u00dfartige Sportfeste mit zum Teil hochkar\u00e4tigen Teilnehmern zu\r\norganisieren. So kamen z. B. die W\u00fcrzburger Kickers nicht nur ein\r\nmal f\u00fcr ein \u201avergelts Gott\u2018 nach Uengershausen. Unter seine \u00c4gide\r\nerlebte der TSV eine wahre Bl\u00fctezeit. \r\n\r\nEines seiner bleibenden Projekte war Anfang der 90er Jahre\r\ndes 20. Jahrhunderts auch die Erweiterung der Sanit\u00e4reinrichtungen\r\nan den Sportpl\u00e4tzen zu einer \u00fcberdachten Terrasse mit Ausschank-\r\nm\u00f6glichkeit f\u00fcr viele Besucher. Auch hier hat er, wie \u00fcblich,\r\nselbst mit Hand angelegt. \r\n\r\nEr hat im besten Sinne ganze Sportlergenerationen gepr\u00e4gt und es\r\nimmer verstanden, das \u201ed\u00f6rfliche Zusammenspiel\u201c<span style=\"mso-spacerun: yes;\">\u00a0 <\/span>zugunsten der\r\nFu\u00dfballjugend zu nutzen.\r\n\r\n<strong>Reinhold Semmel hat sich im h\u00f6chsten Ma\u00dfe um den TSV Uengershausen verdient gemacht.<\/strong><\/pre>\n<ul>\n<li>\n<h2 style=\"text-align: left;\"><a href=\"http:\/\/wp1189977.server-he.de\/wp\/?page_id=69&amp;file=Maennergym2014\/ \">Auflug der M\u00e4nnergymnastik Gruppe ins Fichtelgebirge (Mai 2014)<\/a><\/h2>\n<\/li>\n<\/ul>\n","protected":false},"excerpt":{"rendered":"<p>Die Tabellen f\u00fcr die Fu\u00dfballmannschaften (Spielgemeinschaft mit SV Geroldshausen)\u00a0 findet man bei der Main Post (unten stehenden Link anklicken): 1. Mannschaft: A-Klasse W\u00fcrzburg Gr. 2 Aktuelle Spielpl\u00e4ne und Ergebnistabellen Einige TSV &#8211; Ereignisse der vergangenen Jahre: 27. Mai 2016: Ausflug &hellip; <a href=\"http:\/\/wp1189977.server-he.de\/wp\/?page_id=9\">Weiterlesen <span class=\"meta-nav\">&rarr;<\/span><\/a><\/p>\n","protected":false},"author":7,"featured_media":0,"parent":0,"menu_order":12,"comment_status":"closed","ping_status":"closed","template":"","meta":[],"_links":{"self":[{"href":"http:\/\/wp1189977.server-he.de\/wp\/index.php?rest_route=\/wp\/v2\/pages\/9"}],"collection":[{"href":"http:\/\/wp1189977.server-he.de\/wp\/index.php?rest_route=\/wp\/v2\/pages"}],"about":[{"href":"http:\/\/wp1189977.server-he.de\/wp\/index.php?rest_route=\/wp\/v2\/types\/page"}],"author":[{"embeddable":true,"href":"http:\/\/wp1189977.server-he.de\/wp\/index.php?rest_route=\/wp\/v2\/users\/7"}],"replies":[{"embeddable":true,"href":"http:\/\/wp1189977.server-he.de\/wp\/index.php?rest_route=%2Fwp%2Fv2%2Fcomments&post=9"}],"version-history":[{"count":48,"href":"http:\/\/wp1189977.server-he.de\/wp\/index.php?rest_route=\/wp\/v2\/pages\/9\/revisions"}],"predecessor-version":[{"id":88,"href":"http:\/\/wp1189977.server-he.de\/wp\/index.php?rest_route=\/wp\/v2\/pages\/9\/revisions\/88"}],"wp:attachment":[{"href":"http:\/\/wp1189977.server-he.de\/wp\/index.php?rest_route=%2Fwp%2Fv2%2Fmedia&parent=9"}],"curies":[{"name":"wp","href":"https:\/\/api.w.org\/{rel}","templated":true}]}}