{"id":423,"date":"2010-06-17T21:49:11","date_gmt":"2010-06-17T18:49:11","guid":{"rendered":"http:\/\/wp1189977.wp214.webpack.hosteurope.de\/wp\/?page_id=423"},"modified":"2018-02-08T12:08:41","modified_gmt":"2018-02-08T09:08:41","slug":"mehrzweckhallenverein","status":"publish","type":"page","link":"http:\/\/wp1189977.server-he.de\/wp\/?page_id=423","title":{"rendered":"Mehrzweckhallenverein"},"content":{"rendered":"<p>&nbsp;<\/p>\n<p>F\u00fcr alle B\u00fcrger und Institutionen, die die R\u00e4umlichkeiten der Mehrzweckhalle nutzen m\u00f6chten, zeigen wir hier die Nutzungsvereinbarung mit Nutzungsordnung und Antragsformular.<\/p>\n<p>Bitte einfach auf den Link klicken:<\/p>\n<p><a href=\"http:\/\/wp1189977.wp214.webpack.hosteurope.de\/wp\/wp-content\/uploads\/2010\/06\/Nutzungsvereinbarung-20-01-20131.pdf\">Nutzungsvereinbarung Mehrzweckhalle<\/a><\/p>\n<p><strong>Bunter Abend:<\/strong><\/p>\n<p>Erfolgreiche &#8222;Russen&#8220; pr\u00e4sentierten sich gut gelaunt.<\/p>\n<p>Am 27 Januar 2018 war es wieder soweit!<\/p>\n<p><a href=\"http:\/\/wp1189977.server-he.de\/wp\/wp-content\/uploads\/2010\/06\/Russensitzung_2017a1.jpg\"><img decoding=\"async\" loading=\"lazy\" class=\"aligncenter size-medium wp-image-3551\" title=\"Russensitzung_2017a\" src=\"http:\/\/wp1189977.server-he.de\/wp\/wp-content\/uploads\/2010\/06\/Russensitzung_2017a1-212x300.jpg\" alt=\"\" width=\"212\" height=\"300\" srcset=\"http:\/\/wp1189977.server-he.de\/wp\/wp-content\/uploads\/2010\/06\/Russensitzung_2017a1-212x300.jpg 212w, http:\/\/wp1189977.server-he.de\/wp\/wp-content\/uploads\/2010\/06\/Russensitzung_2017a1-725x1024.jpg 725w, http:\/\/wp1189977.server-he.de\/wp\/wp-content\/uploads\/2010\/06\/Russensitzung_2017a1.jpg 1024w\" sizes=\"(max-width: 212px) 100vw, 212px\" \/><\/a><\/p>\n<p>Bilder der vergangenen Jahre finden Sie in der Gallerie am rechten Bildrand.<\/p>\n<div id=\"attachment_2380\" style=\"width: 650px\" class=\"wp-caption aligncenter\"><a href=\"http:\/\/wp1189977.server-he.de\/wp\/wp-content\/uploads\/2010\/06\/P1012255.jpg\"><img aria-describedby=\"caption-attachment-2380\" decoding=\"async\" loading=\"lazy\" class=\"size-large wp-image-2380\" title=\"O\" src=\"http:\/\/wp1189977.server-he.de\/wp\/wp-content\/uploads\/2010\/06\/P1012255-1024x511.jpg\" alt=\"\" width=\"640\" height=\"319\" srcset=\"http:\/\/wp1189977.server-he.de\/wp\/wp-content\/uploads\/2010\/06\/P1012255-1024x511.jpg 1024w, http:\/\/wp1189977.server-he.de\/wp\/wp-content\/uploads\/2010\/06\/P1012255-300x149.jpg 300w, http:\/\/wp1189977.server-he.de\/wp\/wp-content\/uploads\/2010\/06\/P1012255.jpg 1613w\" sizes=\"(max-width: 640px) 100vw, 640px\" \/><\/a><p id=\"caption-attachment-2380\" class=\"wp-caption-text\">Zum Abschluss nochmal alle auf die B\u00fchne<\/p><\/div>\n<p>&nbsp;<\/p>\n<p>&nbsp;<\/p>\n<p>&nbsp;<\/p>\n<p><strong><br \/>\n<\/strong><\/p>\n<p>&nbsp;<\/p>\n","protected":false},"excerpt":{"rendered":"<p>&nbsp; F\u00fcr alle B\u00fcrger und Institutionen, die die R\u00e4umlichkeiten der Mehrzweckhalle nutzen m\u00f6chten, zeigen wir hier die Nutzungsvereinbarung mit Nutzungsordnung und Antragsformular. Bitte einfach auf den Link klicken: Nutzungsvereinbarung Mehrzweckhalle Bunter Abend: Erfolgreiche &#8222;Russen&#8220; pr\u00e4sentierten sich gut gelaunt. Am 27 &hellip; <a href=\"http:\/\/wp1189977.server-he.de\/wp\/?page_id=423\">Weiterlesen <span class=\"meta-nav\">&rarr;<\/span><\/a><\/p>\n","protected":false},"author":11,"featured_media":0,"parent":0,"menu_order":7,"comment_status":"closed","ping_status":"closed","template":"","meta":[],"_links":{"self":[{"href":"http:\/\/wp1189977.server-he.de\/wp\/index.php?rest_route=\/wp\/v2\/pages\/423"}],"collection":[{"href":"http:\/\/wp1189977.server-he.de\/wp\/index.php?rest_route=\/wp\/v2\/pages"}],"about":[{"href":"http:\/\/wp1189977.server-he.de\/wp\/index.php?rest_route=\/wp\/v2\/types\/page"}],"author":[{"embeddable":true,"href":"http:\/\/wp1189977.server-he.de\/wp\/index.php?rest_route=\/wp\/v2\/users\/11"}],"replies":[{"embeddable":true,"href":"http:\/\/wp1189977.server-he.de\/wp\/index.php?rest_route=%2Fwp%2Fv2%2Fcomments&post=423"}],"version-history":[{"count":39,"href":"http:\/\/wp1189977.server-he.de\/wp\/index.php?rest_route=\/wp\/v2\/pages\/423\/revisions"}],"predecessor-version":[{"id":3584,"href":"http:\/\/wp1189977.server-he.de\/wp\/index.php?rest_route=\/wp\/v2\/pages\/423\/revisions\/3584"}],"wp:attachment":[{"href":"http:\/\/wp1189977.server-he.de\/wp\/index.php?rest_route=%2Fwp%2Fv2%2Fmedia&parent=423"}],"curies":[{"name":"wp","href":"https:\/\/api.w.org\/{rel}","templated":true}]}}