{"id":2988,"date":"2016-06-22T17:14:36","date_gmt":"2016-06-22T14:14:36","guid":{"rendered":"http:\/\/wp1189977.server-he.de\/wp\/?page_id=2988"},"modified":"2016-06-22T17:16:30","modified_gmt":"2016-06-22T14:16:30","slug":"130-jahre-mannergesangverein","status":"publish","type":"page","link":"http:\/\/wp1189977.server-he.de\/wp\/?page_id=2988","title":{"rendered":"130 Jahre M\u00e4nnergesangverein"},"content":{"rendered":"<h2 style=\"text-align: center;\"><strong><span style=\"text-decoration: underline;\">130 Jahre: M\u00e4nnergesangverein\u00a0 1885\u00a0 Uengershausen<\/span><\/strong><\/h2>\n<p style=\"text-align: center;\"><em> \u201c Musik erf\u00fcllt die Welt \u201c <\/em><\/p>\n<p style=\"text-align: center;\"><em>\u00a0\u00a0\u00a0\u00a0\u00a0\u00a0\u00a0\u00a0\u00a0\u00a0\u00a0\u00a0\u00a0\u00a0\u00a0\u00a0\u00a0\u00a0 \u00a0Dies war schon immer so, ist aktueller denn je, <\/em><\/p>\n<p style=\"text-align: center;\"><em>\u00a0\u00a0\u00a0\u00a0\u00a0\u00a0\u00a0\u00a0\u00a0\u00a0\u00a0\u00a0\u00a0\u00a0\u00a0\u00a0\u00a0\u00a0\u00a0\u00a0\u00a0\u00a0\u00a0\u00a0\u00a0\u00a0\u00a0 \u00a0und wird auch immer so bleiben ! ! !<\/em><strong><\/strong><\/p>\n<p style=\"text-align: center;\"><strong>Der MGV Uengershausen \u00a0bedankt sich bei allen G\u00e4sten \/ Besuchern und den Mitwirkenden Gastch\u00f6ren bzw. Vereinen \u00a0unserer Jubil\u00e4umsveranstaltungen\u00a0<\/strong><\/p>\n<p style=\"text-align: left;\">Dies waren am Samstag 18. April 2015 beim Jubil\u00e4umsliederabend :<\/p>\n<p style=\"text-align: center;\">Der MGV Fuchsstadt, der GV \u201cConcordia\u201c Rottenbauer, der GV Liederkranz Albertshausen, der SV Reichenberg, der Skr. Frohsinn Lindflur, \u00a0der Frauen- und der M\u00e4nnerchor des GV \u00a0Geroldshausen und die Singgemeinschaft Uengershausen.<\/p>\n<div>\n<p>Am Sonntag 19. April zu der Totenehrung am Denkmal und dem anschlie\u00dfenden Kommers\u00a0 &#8211;\u00a0 Fr\u00fchschoppen \u00a0in \u00a0der \u00a0Mehrzweckhalle :<\/p>\n<p style=\"text-align: center;\">Aus Uengershausen : Posaunenchor, Freiwillige Feuerwehr, Soldaten- u. Kriegerkameradschaft, Turn und Sportverein,\u00a0\u00a0 Singgemeinschaft sowie der Hundesportverein Maintal e.V. Ein besonderer Dank geht an den Posaunenchor f\u00fcr die Umrahmung des Fr\u00fchschoppens.<\/p>\n<\/div>\n<p>Herzliches Dankesch\u00f6n f\u00fcr die Gru\u00dfworte und Pr\u00e4sente zu unserem Jubil\u00e4um !<\/p>\n<p>Gleichfalls m\u00f6chte ich mich bei den Helferinnen und Helfern bei der Durchf\u00fchrung unseres 130j\u00e4hrigen Jubil\u00e4ums bedanken, denn ohne flei\u00dfige H\u00e4nde kann es keine Jubil\u00e4umsfeier geben !<\/p>\n<p>Es wurden auch Ehrungen aktiver und passiver Mitglieder durchgef\u00fchrt. Der Deutsche Chorverband, der Fr\u00e4nkische S\u00e4ngerbund und der MGV Uengershausen ehrten:<\/p>\n<p><strong>Adolf Stock f\u00fcr \u00a065 Jahre \u00a0und Gottfried Zimmermann ( Ehrenvorstand ) f\u00fcr 60 Jahre singen im Chor.<\/strong><\/p>\n<p>Hierbei\u00a0 ein\u00a0 Dankesch\u00f6n an Herrn Lamparter vom S\u00e4ngerkreis W\u00fcrzburg des Fr\u00e4nkischen S\u00e4ngerbundes\u00a0 f\u00fcr die Durchf\u00fchrung der Ehrungen des DCV\u00a0 und\u00a0 des\u00a0 FSB !<\/p>\n<p>Vom \u00a0MGV \u00a0Uengershausen wurden unser Ehrenvorstand \u00a0Hans Hirschlag\u00a0 f\u00fcr\u00a0 75 Jahre \u00a0\/\u00a0 Albert Landes \u00a0f\u00fcr \u00a040 Jahre\u00a0 \u00a0\u00a0\/\u00a0 \u00a0Dr. Helmut R\u00f6sch \u00a0f\u00fcr \u00a025 Jahre\u00a0 \/ Peter Zimmermann \u00a0f\u00fcr \u00a010 Jahre\u00a0 \u00a0Mitgliedschaft \u00a0geehrt.<\/p>\n<p>Ein herzliches Dankesch\u00f6n f\u00fcr die langj\u00e4hrige Treue zum M\u00e4nnergesangverein\u00a0 Uengershausen !<\/p>\n<p>Mit freundlichem Sangesgru\u00df<\/p>\n<p>Harald Zimmermann<\/p>\n<p>1. Vorsitzender<\/p>\n","protected":false},"excerpt":{"rendered":"<p>130 Jahre: M\u00e4nnergesangverein\u00a0 1885\u00a0 Uengershausen \u201c Musik erf\u00fcllt die Welt \u201c \u00a0\u00a0\u00a0\u00a0\u00a0\u00a0\u00a0\u00a0\u00a0\u00a0\u00a0\u00a0\u00a0\u00a0\u00a0\u00a0\u00a0\u00a0 \u00a0Dies war schon immer so, ist aktueller denn je, \u00a0\u00a0\u00a0\u00a0\u00a0\u00a0\u00a0\u00a0\u00a0\u00a0\u00a0\u00a0\u00a0\u00a0\u00a0\u00a0\u00a0\u00a0\u00a0\u00a0\u00a0\u00a0\u00a0\u00a0\u00a0\u00a0\u00a0 \u00a0und wird auch immer so bleiben ! ! ! Der MGV Uengershausen \u00a0bedankt sich bei allen G\u00e4sten \/ &hellip; <a href=\"http:\/\/wp1189977.server-he.de\/wp\/?page_id=2988\">Weiterlesen <span class=\"meta-nav\">&rarr;<\/span><\/a><\/p>\n","protected":false},"author":1,"featured_media":0,"parent":130,"menu_order":0,"comment_status":"closed","ping_status":"closed","template":"","meta":[],"_links":{"self":[{"href":"http:\/\/wp1189977.server-he.de\/wp\/index.php?rest_route=\/wp\/v2\/pages\/2988"}],"collection":[{"href":"http:\/\/wp1189977.server-he.de\/wp\/index.php?rest_route=\/wp\/v2\/pages"}],"about":[{"href":"http:\/\/wp1189977.server-he.de\/wp\/index.php?rest_route=\/wp\/v2\/types\/page"}],"author":[{"embeddable":true,"href":"http:\/\/wp1189977.server-he.de\/wp\/index.php?rest_route=\/wp\/v2\/users\/1"}],"replies":[{"embeddable":true,"href":"http:\/\/wp1189977.server-he.de\/wp\/index.php?rest_route=%2Fwp%2Fv2%2Fcomments&post=2988"}],"version-history":[{"count":4,"href":"http:\/\/wp1189977.server-he.de\/wp\/index.php?rest_route=\/wp\/v2\/pages\/2988\/revisions"}],"predecessor-version":[{"id":2992,"href":"http:\/\/wp1189977.server-he.de\/wp\/index.php?rest_route=\/wp\/v2\/pages\/2988\/revisions\/2992"}],"up":[{"embeddable":true,"href":"http:\/\/wp1189977.server-he.de\/wp\/index.php?rest_route=\/wp\/v2\/pages\/130"}],"wp:attachment":[{"href":"http:\/\/wp1189977.server-he.de\/wp\/index.php?rest_route=%2Fwp%2Fv2%2Fmedia&parent=2988"}],"curies":[{"name":"wp","href":"https:\/\/api.w.org\/{rel}","templated":true}]}}