{"id":250,"date":"2010-05-09T22:49:14","date_gmt":"2010-05-09T19:49:14","guid":{"rendered":"http:\/\/wp1189977.wp214.webpack.hosteurope.de\/wp\/?page_id=250"},"modified":"2011-12-19T11:49:40","modified_gmt":"2011-12-19T08:49:40","slug":"posaunenchor","status":"publish","type":"page","link":"http:\/\/wp1189977.server-he.de\/wp\/?page_id=250","title":{"rendered":"Posaunenchor"},"content":{"rendered":"<p><a href=\"http:\/\/wp1189977.wp214.webpack.hosteurope.de\/wp\/wp-content\/uploads\/2010\/05\/Pos01_mit-karl.jpg\"><img decoding=\"async\" loading=\"lazy\" class=\"aligncenter size-medium wp-image-1147\" title=\"Pos01_mit karl\" src=\"http:\/\/wp1189977.wp214.webpack.hosteurope.de\/wp\/wp-content\/uploads\/2010\/05\/Pos01_mit-karl-300x225.jpg\" alt=\"\" width=\"300\" height=\"225\" srcset=\"http:\/\/wp1189977.server-he.de\/wp\/wp-content\/uploads\/2010\/05\/Pos01_mit-karl-300x225.jpg 300w, http:\/\/wp1189977.server-he.de\/wp\/wp-content\/uploads\/2010\/05\/Pos01_mit-karl.jpg 1024w\" sizes=\"(max-width: 300px) 100vw, 300px\" \/><\/a><\/p>\n<p align=\"CENTER\"><span style=\"font-family: Arial,sans-serif;\"><span style=\"font-size: large;\"><strong>Posaunenchor Uengershausen<\/strong><\/span><\/span><\/p>\n<p>&nbsp;<\/p>\n<p><span style=\"font-family: Arial,sans-serif;\"><span style=\"font-size: medium;\">Der Posaunenchor Uengershausen besteht seit 1927 und hat 20 aktive und 36 passive Mitglieder. Wir spielen an kirchlichen Festen wie Ostern, Pfingsten, Himmelfahrt, dem Volkstrauertag, bei der Weihnachtsfeier der Senioren und an Heiligabend. Auf Wunsch spielen wir auch bei Beerdigungen und besonderen Jubil\u00e4en wie Hochzeiten, Geburtstagen und Einweihungen. Die Blasmusik spielt auch an Veranstaltungen der freiwilligen Feuerwehr und der Gesangsvereine, im Konzert mit \u00f6rtlichen Vereinen, am Dorffest sowie an Festen der befreundeten Posaunench\u00f6re und Musikvereine. <\/span><\/span><\/p>\n<p><span style=\"font-family: Arial,sans-serif;\"><span style=\"font-size: medium;\">Unsere Bl\u00e4serliteratur beinhaltet alte und neue Kirchenlieders\u00e4tze, Bl\u00e4serst\u00fccke sowie ruhige Blasmusik bis zu modernen Bl\u00e4serst\u00fccken. <\/span><\/span><\/p>\n<p><span style=\"font-family: Arial,sans-serif;\"><span style=\"font-size: medium;\">Unser Chorleiter Herr Kurt Schmitt-Kr\u00f6ckel bildet gerne junge, \u00e4ltere und junggebliebene Frauen und M\u00e4nner zur\/m Musiker\/in aus. Wir freuen uns \u00fcber jedes neue Mitglied, gerne auch \u00fcber passive Mitglieder, die unseren Verein unterst\u00fctzen. <\/span><\/span><\/p>\n<p>&nbsp;<\/p>\n<p><span style=\"font-family: Arial,sans-serif;\"><span style=\"font-size: medium;\">Interessenten k\u00f6nnen sich melden <\/span><\/span><\/p>\n<p><span style=\"font-family: Arial,sans-serif;\"><span style=\"font-size: medium;\">bei K. Schmitt-Kr\u00f6ckel Tel: 09366\/291<\/span><\/span><\/p>\n<p><span style=\"font-family: Arial,sans-serif;\"><span style=\"font-size: medium;\">beim 1. Vorstand G. Landeck Tel: 09366\/1722<\/span><\/span><\/p>\n<p><span style=\"font-family: Arial,sans-serif;\"><span style=\"font-size: medium;\">beim 2. Vorstand E. H\u00fcgelsch\u00e4ffer Tel: 09366\/7291<\/span><\/span><\/p>\n","protected":false},"excerpt":{"rendered":"<p>Posaunenchor Uengershausen &nbsp; Der Posaunenchor Uengershausen besteht seit 1927 und hat 20 aktive und 36 passive Mitglieder. Wir spielen an kirchlichen Festen wie Ostern, Pfingsten, Himmelfahrt, dem Volkstrauertag, bei der Weihnachtsfeier der Senioren und an Heiligabend. Auf Wunsch spielen wir &hellip; <a href=\"http:\/\/wp1189977.server-he.de\/wp\/?page_id=250\">Weiterlesen <span class=\"meta-nav\">&rarr;<\/span><\/a><\/p>\n","protected":false},"author":10,"featured_media":0,"parent":0,"menu_order":9,"comment_status":"closed","ping_status":"closed","template":"","meta":[],"_links":{"self":[{"href":"http:\/\/wp1189977.server-he.de\/wp\/index.php?rest_route=\/wp\/v2\/pages\/250"}],"collection":[{"href":"http:\/\/wp1189977.server-he.de\/wp\/index.php?rest_route=\/wp\/v2\/pages"}],"about":[{"href":"http:\/\/wp1189977.server-he.de\/wp\/index.php?rest_route=\/wp\/v2\/types\/page"}],"author":[{"embeddable":true,"href":"http:\/\/wp1189977.server-he.de\/wp\/index.php?rest_route=\/wp\/v2\/users\/10"}],"replies":[{"embeddable":true,"href":"http:\/\/wp1189977.server-he.de\/wp\/index.php?rest_route=%2Fwp%2Fv2%2Fcomments&post=250"}],"version-history":[{"count":4,"href":"http:\/\/wp1189977.server-he.de\/wp\/index.php?rest_route=\/wp\/v2\/pages\/250\/revisions"}],"predecessor-version":[{"id":1148,"href":"http:\/\/wp1189977.server-he.de\/wp\/index.php?rest_route=\/wp\/v2\/pages\/250\/revisions\/1148"}],"wp:attachment":[{"href":"http:\/\/wp1189977.server-he.de\/wp\/index.php?rest_route=%2Fwp%2Fv2%2Fmedia&parent=250"}],"curies":[{"name":"wp","href":"https:\/\/api.w.org\/{rel}","templated":true}]}}