{"id":2,"date":"2009-12-28T19:15:30","date_gmt":"2009-12-28T16:15:30","guid":{"rendered":"http:\/\/wp1189977.wp214.webpack.hosteurope.de\/wp\/?page_id=2"},"modified":"2015-01-04T13:51:35","modified_gmt":"2015-01-04T10:51:35","slug":"about","status":"publish","type":"page","link":"http:\/\/wp1189977.server-he.de\/wp\/?page_id=2","title":{"rendered":"Agenda 21"},"content":{"rendered":"<h2 style=\"text-align: left;\"><span style=\"text-decoration: underline;\"><strong>Veranstaltungen \/ Ver\u00f6ffentlichungen<br \/>\n<\/strong><\/span><\/h2>\n<p><strong>Artikel im Mitteilungsblatt Dezember 2014:<\/strong><\/p>\n<p><strong>Liebe Mitb\u00fcrger,<\/strong><\/p>\n<p>Am Freitag, 21. November, um 19 Uhr, fand die angek\u00fcndigte \u00a0Agenda-Sitzung mit dem Thema \u201eDorffest 2015\u201c in der Uengersh\u00e4user Wirtschaft statt.<\/p>\n<p>Es fanden sich zahlreiche Interessierte B\u00fcrgerinnen und B\u00fcrger ein und schnell stellte sich heraus, dass es 2015 wieder ein Dorffest geben soll. Als Termin wurde der 27. September\u00a0 2015 vorgesehen.<\/p>\n<p>Jeder, der etwas beitragen m\u00f6chte, ist herzlich eingeladen. Genaueres kann man in der folgenden Dorffest-Besprechung erfahren. Sie findet statt am 27. Februar 2015, wieder um 19 Uhr in der Wirtschaft der MZH Uengershausen.<\/p>\n<p>Am ersten Adventssonntag waren wir wieder mit unserem Weihnachtsh\u00e4uschen auf dem Reichenberger Weihnachtsmarkt vertreten. Es gab wieder viele\u00a0 selbstgefertigte\u00a0 handwerkliche\u00a0 Produkte, regionale Produkte aus dem Dorfladen, Gl\u00fchmost und hei\u00dfe W\u00fcrstchen. Zuvor hatten wir die H\u00fctte zu Hause abgebaut, in Reichenberg aufgebaut, dann am Sonntag wieder abgebaut und in der folgenden Woche wieder zu Hause aufgebaut. Das gelingt nur, genauso wie auch das Schm\u00fccken und Verkaufen, wenn sich viele Freiwillige Frauen und M\u00e4nner finden. Ihnen allen sei an dieser Stelle wieder einmal herzlich gedankt, denn selbstverst\u00e4ndlich ist so ein Einsatz nicht.<\/p>\n<p>Bilder vom Weihnachtsmarkt finden Sie wie immer auf den d\u00f6rflichen Internetseiten.<\/p>\n<p><a href=\"http:\/\/www.uengershausen.de\">www.uengershausen.de<\/a> .<\/p>\n<p>Mit besten Gr\u00fc\u00dfen, J\u00fcrgen Kranz<\/p>\n<p><strong>Artikel im Mitteilungsblatt November 2014:<\/strong><\/p>\n<p><strong>Liebe Mitb\u00fcrger,<\/strong><\/p>\n<p>Am <strong>Samstag, 25. Oktober, <\/strong>\u00a0fand, wie angek\u00fcndigt, zwischen Laden und Kirche \u00a0in Uengershausen wieder ein Erntedank-Markt statt.\u00a0 Ab 10 Uhr gab es einen gro\u00dfen Obst- und Gem\u00fcsestand, regionale Anbieter stellten sich vor. Im Holzofen gebackener Flammkuchen ging weg, \u201e\u2026 wie die warmen Semmeln\u201c. Kartoffelsuppe mit W\u00fcrstchen, frischer Federwei\u00dfer und \u00a0Apfelsaft, sowie Kaffee und Kuchen gaben den Rahmen f\u00fcr angeregte Gespr\u00e4che, zu denen auch B\u00fcrgermeister Hemmerich erschien. \u00a0Der Dorfladen war von 7 Uhr bis 12 Uhr ge\u00f6ffnet und diesmal spielte uns das Wetter keinen Streich. Alles in Allem war es ein vergn\u00fcglicher Markttag und wir danken allen Helferinnen und Helfern f\u00fcr Ihr Engagement sowie den Besuchern des Marktes f\u00fcr ihr Erscheinen.<\/p>\n<p>Am <strong>Freitag, 21. November, um 19 Uhr<\/strong>, gibt es eine <strong>Agenda-Sitzung mit dem Thema \u201eDorffest 2015\u201c<\/strong>. Sie findet statt in der Wirtschaft der Mehrzweckhalle.<\/p>\n<p>Hier soll besprochen und entschieden werden, ob es 2015 wieder ein Dorffest geben soll und wenn ja, wie und was dabei stattfinden und angeboten werden \u00a0k\u00f6nnte.<\/p>\n<p><strong>Dazu sind alle Interessierten, d. h. alle, die sich vorstellen k\u00f6nnen, dass sie mitmachen m\u00f6chten, gebeten zu erscheinen. <\/strong><\/p>\n<p>Nat\u00fcrlich wird an diesem Abend noch nichts endg\u00fcltig verabschiedet, aber es w\u00e4re gut, wenn m\u00f6glichst viele\u00a0 \u201eMitmacher\u201c da sein w\u00fcrden.<\/p>\n<p>Die Veranstaltungstermine \u00a0k\u00f6nnen Sie auch noch im Internet sehen, wie immer unter <a href=\"http:\/\/www.uengershausen.de\">www.uengershausen.de<\/a> .<\/p>\n<p>Mit besten Gr\u00fc\u00dfen, J\u00fcrgen Kranz<\/p>\n<p>&nbsp;<\/p>\n<p><strong>Artikel im Mitteilungsblatt Oktober 2014:<\/strong><\/p>\n<p>Liebe Mitb\u00fcrger,<\/p>\n<p>Die Aktiven der Agenda-21-Gruppe Uengershausen waren auch im nunmehr vergangenen Sommer 2014 nicht unt\u00e4tig. Den ehrenamtlichen Kr\u00e4ften, die den Dorfladen so vorbildlich mit Rat und vor allem mit Tat unterst\u00fctzen, muss immer wieder Dank gesagt werden. Ohne sie w\u00e4re das nicht zu stemmen.<\/p>\n<p>Bei der Gemeinde haben wir die energetische Sanierung des Ladengeb\u00e4udes beantragt und B\u00fcrgermeister Hemmerich hat uns hierf\u00fcr sein Wohlwollen signalisiert, ebenso wie die zweite B\u00fcrgermeisterin, Frau\u00a0 Brodwolf, die in ihrer Ansprache anl\u00e4sslich der 1-Jahresfeier am 19. Juli, die Notwendigkeit unterstich. Nun hoffen wir, dass es im kommenden Jahr mit der Au\u00dfengestaltung des Ladens weitergehen kann. An uns, den Ehrenamtlichen, soll es jedenfalls\u00a0 nicht scheitern.<\/p>\n<p>Trotz der Arbeitsbelastung geht auch die \u201enormale\u201c Agenda-Arbeit weiter. So hatten wir, wie in den vergangenen Jahren, wieder die 4. Klasse der Reichenberger Grundschule an ihrem Herbstwandertag zum \u201eApfeltag\u201c zu Gast. Die Kinder aus allen Ortsteilen marschierten am Montag, den 22. September, fr\u00fch in Reichenberg los und waren eine Stunde sp\u00e4ter in Uengershausen, wo sie von Sigrid Kranz empfangen wurden. Dann ging es ins Baumland von Helmut R\u00f6sch zum Arbeiten. \u00c4pfel wurden gepfl\u00fcckt, gesch\u00fcttelt, zusammengelesen und begutachtet. Unterschiedliche Sorten mit verschiedenen Eigenschaften wie Gr\u00f6\u00dfe, Aussehen, Geschmack usw. wurden in die Beh\u00e4lter gef\u00fcllt und in etwa einer dreiviertel Stunde war der Heckcontainer am Schlepper voll mit den sch\u00f6nsten \u00c4pfeln. Die brachten wir dann in den Hof, wo bereits die Ger\u00e4tschaften aufgebaut waren. Wir erarbeiteten mit den Sch\u00fclerinnen und Sch\u00fclern die Arbeitsschritte. Wie gut schmeckte schon das Mahlgut bevor es in die Presse kam! Dass man dann den frisch gepressten Saft direkt aus dem Fass in die eigene mitgebrachte Flasche f\u00fcllen und trinken konnte, fanden alle\u00a0 super toll. Sogar der Trester fand noch gro\u00dfen Anklang. Dann gab es noch Selbstgebackenes von Sigrid und die Kinder formierten sich zum Abmarsch nach Reichenberg. Uns hat es wieder riesig Spa\u00df gemacht.<\/p>\n<p>Jetzt zu geplanten Agenda-Veranstaltungen.:<\/p>\n<p>Am <strong>Samstag, 25. Oktober, <\/strong>\u00a0gibt es zwischen Laden und Kirche wieder einen<strong> Erntedank-Markt<\/strong>.\u00a0 Ab 10 Uhr gibt es einen gro\u00dfen Obst- und Gem\u00fcsestand, regionale Anbieter stellen sich vor, im Holzofen gebackener Flammkuchen wird serviert, es gibt Kartoffelsuppe mit W\u00fcrstchen, fischen Apfelsaft, sowie Kaffee und Kuchen. Der Dorfladen ist von 7 Uhr bis 12 Uhr ge\u00f6ffnet.<\/p>\n<p>Am <strong>Freitag, 21. November<\/strong>, gibt es eine <strong>Agenda-Sitzung mit dem Thema \u201eDorffest 2015\u201c<\/strong>. Hier soll entschieden werden, ob es 2015 wieder ein Dorffest geben soll und wenn ja, wie und was dabei stattfinden k\u00f6nnte. <strong>Dazu sind alle Interessierten<\/strong>, d. h. alle, die sich vorstellen k\u00f6nnen, dass sie mitmachen m\u00f6chten, <strong>gebeten zu erscheinen<\/strong>. Nat\u00fcrlich wird an diesem Abend noch nichts endg\u00fcltig verabschiedet, aber es w\u00e4re gut, wenn m\u00f6glichst viele\u00a0 \u201eMitmacher\u201c da sein w\u00fcrden.\u00a0 Sollte sich an dem geplanten Termin noch etwas \u00e4ndern, so geben wir es im Novemberheft bekannt.<\/p>\n<p>&nbsp;<\/p>\n<p>Wir werden die Veranstaltungstermine auch noch im Internet bereitstellen, wie immer unter <a href=\"http:\/\/www.uengershausen.de\">www.uengershausen.de<\/a> .<\/p>\n<p>Mit besten Gr\u00fc\u00dfen, J\u00fcrgen Kranz<\/p>\n<p><strong>Veranstaltung:<\/strong><\/p>\n<p>&#8222;Dorfgespr\u00e4ch&#8220;am 30. Mai 2014<\/p>\n<p>Thema &#8222;\u00d6PNV&#8220;<\/p>\n<p><strong>Artikel im Mitteilungsblatt M\u00e4rz 2013:<\/strong><\/p>\n<p>Liebe Mitb\u00fcrger,<\/p>\n<p>Die Dorfladen Uengershausen UG (haftungsbeschr\u00e4nkt) ist gegr\u00fcndet.<br \/>\nDie drei Gesellschafter und der Gesch\u00e4ftsf\u00fchrer waren beim Notar und haben mit dem\u00a0 juristischen Schritt der Unternehmesgr\u00fcndung den weiteren Weg zum Laden frei gemacht.<br \/>\nAm Sonntag, dem\u00a0 3. M\u00e4rz fand dann die Gr\u00fcndungsversammlung in der Gastst\u00e4tte der Mehrzweckhalle Uengershausen statt. Dazu waren alle eingeladen, die bereits Anteile gezeichnet hatten. Aber auch alle anderen Interessierten waren herzlich willkommen. Die \u00fcberw\u00e4ltigende Besucherzahl spiegelte das gro\u00dfe Interesse der B\u00fcrger an diesem Projekt wider.<br \/>\nSigrid Kranz begr\u00fc\u00dfte B\u00fcrgermeister H\u00fcgelsch\u00e4ffer, 2. B\u00fcrgermeisterin Tewes und die G\u00e4ste und erstattete Bericht \u00fcber den derzeitigen Stand der Dinge. Sie betonte auch nochmals Sinn und Zweck des Projektes, n\u00e4mlich die Nahversorgung der B\u00fcrger, die M\u00f6glichkeit zur Kommunikation, gerade auch f\u00fcr die \u00e4ltere Generation und die Vermarktung regionaler Produkte. Sie sagte, dass dieser Laden sich zu einem \u201eDorfschatz\u201c entwickeln kann, zum Wohle der gesamten Dorfgemeinschaft.<br \/>\nAnschlie\u00dfend ergriff der Gesch\u00e4ftsf\u00fchrer Siegbert Leicht das Wort und begr\u00fc\u00dfte ausdr\u00fccklich auch die Besucher, die nicht oder noch nicht Anteile gezeichnet haben. Er berichtete \u00fcber den aktuellen finanziellen Stand und leitete dann die Diskussion \u00fcber m\u00f6gliche Lieferanten und \u00d6ffnungszeiten, an der die Besucher rege und sehr engagiert teilnahmen.<br \/>\nDanach erl\u00e4uterte Michael Kestler erste Planskizzen zum Ladenausbau, der in K\u00fcrze beginnen soll. Dazu werden freiwillige Helfer ben\u00f6tigt, was Horst Kohmann ausdr\u00fccklich betonte und alle herzlich einlud.<\/p>\n<p>F\u00fcr die Beteiligten geht die Arbeit jetzt erst richtig los, aber alle freuen sich auf die Er\u00f6ffnung, die f\u00fcr Juni geplant ist.<br \/>\nBitte unterst\u00fctzen Sie das Projekt, nicht zuletzt auch durch eine optimistische Sichtweise, am besten aber durch Ihren Einkauf im eigenen Laden. Hierf\u00fcr schon jetzt herzlichen Dank.<\/p>\n<p>Mit besten Gr\u00fc\u00dfen<br \/>\nJ\u00fcrgen Kranz<\/p>\n<p><strong>Artikel Ende 2012:<\/strong><\/p>\n<p>Zum Ende des Jahres 2011 wurde unser B\u00e4ckerladen geschlossen. Dieser Tatsache l\u00e4uft ein Trend entgegen, demzufolge immer mehr\u00a0 Dorfl\u00e4den (wieder) entstehen. Allerdings ist es wohl nur selten der Fall, dass so ein kleiner Laden eine ganze Person, geschweige denn eine Familie ern\u00e4hrt. Deshalb wird nach Konzepten gesucht, mit denen die Nahversorgung\u00a0 auch in kleinen Gemeinden oder Gemeindeteilen gew\u00e4hrleistet werden kann. Das kann ein zu gr\u00fcndender Verein, eine Genossenschaft oder eine GmbH oder \u00c4hnliches sein. Wir haben uns nun aus dem gegebenen Anlass umgesehen und umgeh\u00f6rt und fangen an, mit der Hilfe von hierin erfahrenen Personen, ein solches Konzept zu entwickeln.\u00a0 Wichtigstes Element ist jedoch die Unterst\u00fctzung und der gute Wille der Dorfbev\u00f6lkerung. Jeder muss sich bewusst machen, welche Vorteile ein Laden am Ort hat und sollte diesen, sofern eine Gr\u00fcndung zustande kommt,\u00a0 deshalb auch nutzen. Wie so ein Gesch\u00e4ft aussehen kann, auch das obliegt uns allen, den B\u00fcrgern, denn die Teilnahme jedes Einzelnen ist wichtig.<br \/>\nAm 11. Mai wurde in einer ersten Gro\u00dfveranstaltung die B\u00fcrger \u00fcber die M\u00f6glichkeiten einer Dorfladengr\u00fcndung mit all ihren Erfordernissen und Risiken von einem spezialisierten Beratungsunternehmen informiert. Es wurde ein Ortsspezifischer Fragebogen entwickelt und ausgegeben. Die R\u00fccksendungen eines jeden Haushalts werden detailliert ausgewertet. Aufgrund dieser Auswertung erfolgt dann eine Empfehlung einen Dorfladen zu gr\u00fcnden, oder aber es\u00a0 sein zu lassen, je nach dem Interesse, das die Bev\u00f6lkerung zeigt.<\/p>\n<h2>\u00a0Feier 10 Jahre Agenda-21-Gruppe Uengershausen<\/h2>\n<p>Am 28. April 2012 beging die Agenda-21-Gruppe ihre bislang\u00a0 mehr als 10-j\u00e4hrige Arbeit, verbunden mit einem R\u00fcckblick auf das Dorffest 2011.\u00a0 Etwa 100 B\u00fcrger und Ehreng\u00e4ste, darunter Landrat Eberhard Nu\u00df, B\u00fcrgermeister Holzapfel (Kirchheim), Gemeinder\u00e4te und die Reichenberger Agenda-Kolleginnen und Kollegen erlebten eingerahmt von k\u00fcnstlerischen Darbietungen in einem interessanten Vortrag die bereits geleistete Arbeit der Agenda Uengershausen. Aber auch die aktuell anstehenden Projekte wie der Fahrradweg nach Reichenberg und besonders der geplante Dorfladen, die weit in die Zukunft reichen, wurden von Sigrid Kranz vorgestellt. In ihren Gru\u00dfworten w\u00fcrdigten sowohl B\u00fcrgermeister Karl H\u00fcgelsch\u00e4ffer wie auch Landrat Nu\u00df das B\u00fcrgerschaftliche Engagement der Agenda-Gruppe. Horst H\u00fcgelsch\u00e4ffer berichtete im zweiten Teil des Abends \u00fcber den Verlauf der bisherigen beiden Dorffeste.<\/p>\n<p>\u00d6rtliche K\u00fcnstler umrahmten die Veranstaltung: Das Blasorchester, angef\u00fchrt von Karl H\u00fcgelsch\u00e4ffer, eine jugendliche Jongleurgruppe mit Gabriel Pregitzer, der S\u00e4nger Willi Schober und die Kabarettistin Inge Veeh. Ihnen allen sei f\u00fcr die hohe Qualit\u00e4t ihrer Beitr\u00e4ge herzlicher Dank gesagt.<\/p>\n<p>Der Schluss-Sketch von Inge Veeh, die mit einem alten Holzschubkarren einen fahrenden Dorfladen aufmachte und mit einem daran anzubauenden Schneeschild auch noch Gemeindeaufgaben \u00fcbernehmen wollte, trieb den Zuschauern die Lachtr\u00e4nen in die Augen.<\/p>\n<p>&nbsp;<\/p>\n<p style=\"text-align: left;\"><span style=\"text-decoration: underline;\"><strong>ILEK<\/strong><\/span> (Integriertes L\u00e4ndliches Enwicklungs-Konzept):<\/p>\n<p style=\"text-align: left;\">Bereits zum 2. Mal fanden sich B\u00fcrger aus 14 Gemeinden des s\u00fcdlichen Landkreises (W\u00fcrzburg) zusammen um Ideen zur gemeinsamen Weiterentwicklung Ihres Heimatgebietes zu entwickeln.<\/p>\n<p style=\"text-align: left;\">Die Ergebnisse findet man auf den<a href=\"http:\/\/www.giebelstadt.de\/sites\/gensite.asp?SID=cms280420111304456903955&amp;Art=01345:2165\"> Seiten des Marktes Giebelstadt<\/a>, dessen B\u00fcrgermeister Helmut Kr\u00e4mer der Sprecher der Interessengemeinschaft ist (f\u00fcr Gestaltung und Inhalt der verlinkten Seiten ist ausschlie\u00dflich deren Urheber verantwortlich).<\/p>\n<p style=\"text-align: left;\">Auch die Uengersh\u00e4user Agenda-21-Gruppe war wieder vertreten, gemeinsam mit dem B\u00fcrgermeister, der 2. B\u00fcrgermeisterin\u00a0 und verschiedenen Gemeinder\u00e4ten, sowie Agenda-Kolleginnen aus Reichenberg.<\/p>\n<p style=\"text-align: left;\"><strong>Dorffest 2011:<\/strong><\/p>\n<p style=\"text-align: left;\">Nach dem \u00fcberw\u00e4ltigendem Erfolg des ersten Dorffestes vor 4 Jahren laufen seit Monaten die Vorbereitungen f\u00fcr das kommende, das am Sonntag, den 18. September diesen Jahres stattfinden soll.<\/p>\n<p style=\"text-align: left;\">Es haben sich bereits \u00fcber 30 Teilnehmer (Vereine, Organisationen, Firmen und einzelne B\u00fcrger) zum Mitwirken gefunden. Die Veranstaltung findet in H\u00f6fen, Firmengeb\u00e4uden, der Kirche, der Mehrzweckhalle und an vielen anderen Orten statt. Sie beginnt um 11 Uhr und endet um 18 Uhr.<\/p>\n<p style=\"text-align: left;\">Wir werden Sie weiterhin auf dem Laufenden halten.<\/p>\n<p style=\"text-align: left;\"><span style=\"text-decoration: underline;\"><strong>Gottesdienst-Fr\u00fchschoppen<\/strong><\/span><\/p>\n<p>Es war fr\u00fcher der Brauch, da\u00df man nach der Kirche auf einen oder zwei Schoppen in die Wirtschaft einkehrte um vielleicht \u00fcber die Predigt zu diskutieren oder sonstige sonnt\u00e4gliche Themen anzusprechen. Leider ist dieser Brauch eingeschlafen. Warum, weiss keiner so ganz genau.<\/p>\n<p>Wir wollen versuchen, diese sch\u00f6ne Seite des D\u00f6rflichen wieder zu beleben. In der Wirtschaft an der Mehrzweckhalle gibt es zu den Getr\u00e4nken Wei\u00dfw\u00fcrste und Knacker. Man hat schon von Frauen geh\u00f6rt, da\u00df das prima sei, da braucht man ja nicht unbedingt zu kochen.<\/p>\n<p>Ein erster Versuch fand statt am Sonntag, dem 23. Januar. Zwar wurde der Termin nicht explizit bekannt gemacht, lediglich in der M\u00e4nnergymnastik und bei der letzten Agenda-Veranstaltung f\u00fcr das Dorffest, es kamen trotzdem etliche B\u00fcrger und auch der Pfarrer gesellte\u00a0 sich gerne dazu.<\/p>\n<p>Der Fr\u00fchschoppen soll k\u00fcnftig 1 mal im Monat stattfinden, und zwar immer, wenn der Gottesdienst um 10 Uhr beginnt.<\/p>\n<p>Wichtige Neuerung gegen\u00fcber fr\u00fcher: Es sind die Frauen nicht nur zugelassen, sondern auch erw\u00fcnscht.<\/p>\n<p><a href=\"http:\/\/wp1189977.wp214.webpack.hosteurope.de\/wp\/?page_id=69&amp;file=Fr%C3%BChschoppen\/\" target=\"_blank\">Hier einige Bilder vom\u00a0 Fr\u00fchschoppen (bitte anklicken)<\/a><\/p>\n<p><strong>Teilnahme am Reichenberger Weihnachtsmarkt<\/strong><\/p>\n<p style=\"text-align: left;\"><a href=\"http:\/\/wp1189977.wp214.webpack.hosteurope.de\/wp\/wp-content\/uploads\/2009\/12\/dscf0068.jpg\"><img decoding=\"async\" loading=\"lazy\" class=\"alignnone size-medium wp-image-577\" title=\"dscf0068\" src=\"http:\/\/wp1189977.wp214.webpack.hosteurope.de\/wp\/wp-content\/uploads\/2009\/12\/dscf0068-300x225.jpg\" alt=\"\" width=\"300\" height=\"225\" srcset=\"http:\/\/wp1189977.server-he.de\/wp\/wp-content\/uploads\/2009\/12\/dscf0068-300x225.jpg 300w, http:\/\/wp1189977.server-he.de\/wp\/wp-content\/uploads\/2009\/12\/dscf0068-1024x768.jpg 1024w, http:\/\/wp1189977.server-he.de\/wp\/wp-content\/uploads\/2009\/12\/dscf0068.jpg 1280w\" sizes=\"(max-width: 300px) 100vw, 300px\" \/><\/a><\/p>\n<p style=\"text-align: left;\"><strong><span style=\"text-decoration: underline;\"><br \/>\n<\/span><\/strong><\/p>\n<p style=\"text-align: left;\">Auch heuer wollen wir wieder in unserem Weihnachtsmarkt-H\u00e4uschen Selbsterzeugtes aus Uengershausen vor der Reichenberger Kirche anbieten.<\/p>\n<p style=\"text-align: left;\">Am ersten Adventssonntag bauen wir die H\u00fctte auf und hoffen wieder auf rege Teilnahme der Uengersh\u00e4user sowohl als Helfer vor Ort als auch als Lieferanten f\u00fcr weihnachtliche Waren. Der Fantasie sind hier keine Grenzen gesetzt, vorausgesetzt, die Sachen passen in die H\u00fctte.<\/p>\n<p style=\"text-align: left;\">Bei Interesse wenden Sie sich bitte an Elke H\u00fcgelsch\u00e4ffer, Sigrid Kranz oder Lisbeth Schober.<\/p>\n<p style=\"text-align: left;\"><span style=\"text-decoration: underline;\"><strong>Erledigte Veranstaltungen:<\/strong><\/span><\/p>\n<p style=\"text-align: left;\">Die u. a. Informationsfahrt fand wie geplant statt, jedoch wegen der geringen Teilnehmerzahl ohne die Schweinfurter Schlachtsch\u00fcssel. Daf\u00fcr aber waren die Erlebnisse und Informationen umso intensiver und kurzweiliger.<\/p>\n<p style=\"text-align: left;\">Unser Fazit: Die Gemeinde Reichenberg mit ihren Ortsteilen sollte unbedingt kreativ bei der Gr\u00fcndung der interkommunalen Allianz &#8222;W\u00fcrzburg S\u00fcd&#8220; mitarbeiten. An der B\u00fcrgerbeteiligung \u00fcber die Agenda-21-Gruppen soll es hierbei nicht fehlen.<\/p>\n<p style=\"text-align: left;\">Nachfolgend noch einmal das Programm der Fahrt vom 10. Oktober:<\/p>\n<p>Informationsfahrt zu den interkommunalen Allianzen (IKA) im Landkreis Schweinfurt am Sonntag, 10. Okt. 2010, f\u00fcr alle interessierten B\u00fcrger\/innen<\/p>\n<p>Bald werden unsere B\u00fcrgerinnen und B\u00fcrger aufgerufen, geeignete Projekte f\u00fcr ein integriertes l\u00e4ndliches Entwicklungskonzept (ILEK) f\u00fcr die Region W\u00fcrzburg-S\u00fcd vorzuschlagen! In Abstimmung mit den anderen beteiligten Gemeinden sollen Projekte von \u00fcber\u00f6rtlicher Bedeutung (Beispiele: Inner\u00f6rtliche Geb\u00e4ude, Renaturierung, Radwegenetz, Kultur, Bildung, Jugendarbeit, Kinder- und Altenbetreuung) umgesetzt werden. In diesem Verbund k\u00f6nnen wir F\u00f6rderm\u00f6glichkeiten f\u00fcr Projekte in unserer Gemeinde nutzen!<\/p>\n<p>Informieren Sie sich dazu bei anderen Gemeinden durch sachkundige F\u00fchrungen (B\u00fcrgermeister\/innen und Regionalmanager\/innen)!<br \/>\nHolen Sie sich Anregungen f\u00fcr geeignete Projekte in unserer Gemeinde!<br \/>\nErleben Sie gleichzeitig auch ein paar gem\u00fctliche Stunden bei einer \u201eOriginal Schweinfurter Schlachtsch\u00fcssel\u201c!<\/p>\n<p>Programm:<br \/>\nAbfahrt: 8:00 Uhr Uengershausen \u2013 Reichenberg \u2013 Lindflur \u2013 Albertshausen \u2013 Fuchsstadt<\/p>\n<p>IKA Oberes Werntal: Gemeinde Euerbach (Schwerpunkt: Inner\u00f6rtliches Geb\u00e4udemanagement)<\/p>\n<p>Mittagessen<\/p>\n<p>IKA Schweinfurter Mainbogen: Gemeinde Schwebheim (Schwerpunkt: \u00d6kologie)<\/p>\n<p>Kaffeepause am Ellertsh\u00e4user See<\/p>\n<p>IKA Schweinfurter Oberland: Gemeinde Schonungen oder Stadtlauringen (Schwerpunkt: Kultur und Tourismus)<\/p>\n<p>\u201eOriginal Schweinfurter Schlachtsch\u00fcssel\u201c mit Wein (kein Bier!) und Musik (pro Person 19,&#8211; \u20ac)<br \/>\nGasthaus \u201eZeller Tal\u201c, Gemeinde \u00dcchtelhausen \u2013 Ortsteil Zell<\/p>\n<p>R\u00fcckkunft: fr\u00fchestens 22:00 Uhr<\/p>\n<p>Kostenbeitrag: Schlachtsch\u00fcssel pro Person 19,&#8211; \u20ac plus weitere Verpflegung und Fahrtkosten 10,&#8211; \u20ac<\/p>\n<p>Hierzu laden wir alle interessierten B\u00fcrgerinnen und B\u00fcrger aus allen Ortsteilen herzlich ein! Anmeldungen erbitten wir an Horst H\u00fcgelsch\u00e4ffer, Uengershausen, Tel. 09366-6268, email: huegelschaeffers@gmx.de<\/p>\n<p>Die Teilnahme erfolgt in der Reihenfolge der Anmeldung.<\/p>\n<p style=\"text-align: right;\">Anmeldeschlu\u00df ist der 25.09.2010<\/p>\n","protected":false},"excerpt":{"rendered":"<p>Veranstaltungen \/ Ver\u00f6ffentlichungen Artikel im Mitteilungsblatt Dezember 2014: Liebe Mitb\u00fcrger, Am Freitag, 21. November, um 19 Uhr, fand die angek\u00fcndigte \u00a0Agenda-Sitzung mit dem Thema \u201eDorffest 2015\u201c in der Uengersh\u00e4user Wirtschaft statt. Es fanden sich zahlreiche Interessierte B\u00fcrgerinnen und B\u00fcrger ein &hellip; <a href=\"http:\/\/wp1189977.server-he.de\/wp\/?page_id=2\">Weiterlesen <span class=\"meta-nav\">&rarr;<\/span><\/a><\/p>\n","protected":false},"author":1,"featured_media":0,"parent":0,"menu_order":4,"comment_status":"closed","ping_status":"closed","template":"","meta":[],"_links":{"self":[{"href":"http:\/\/wp1189977.server-he.de\/wp\/index.php?rest_route=\/wp\/v2\/pages\/2"}],"collection":[{"href":"http:\/\/wp1189977.server-he.de\/wp\/index.php?rest_route=\/wp\/v2\/pages"}],"about":[{"href":"http:\/\/wp1189977.server-he.de\/wp\/index.php?rest_route=\/wp\/v2\/types\/page"}],"author":[{"embeddable":true,"href":"http:\/\/wp1189977.server-he.de\/wp\/index.php?rest_route=\/wp\/v2\/users\/1"}],"replies":[{"embeddable":true,"href":"http:\/\/wp1189977.server-he.de\/wp\/index.php?rest_route=%2Fwp%2Fv2%2Fcomments&post=2"}],"version-history":[{"count":78,"href":"http:\/\/wp1189977.server-he.de\/wp\/index.php?rest_route=\/wp\/v2\/pages\/2\/revisions"}],"predecessor-version":[{"id":2317,"href":"http:\/\/wp1189977.server-he.de\/wp\/index.php?rest_route=\/wp\/v2\/pages\/2\/revisions\/2317"}],"wp:attachment":[{"href":"http:\/\/wp1189977.server-he.de\/wp\/index.php?rest_route=%2Fwp%2Fv2%2Fmedia&parent=2"}],"curies":[{"name":"wp","href":"https:\/\/api.w.org\/{rel}","templated":true}]}}