{"id":1541,"date":"2014-03-19T00:29:18","date_gmt":"2014-03-18T21:29:18","guid":{"rendered":"http:\/\/wp1189977.server-he.de\/wp\/?page_id=1541"},"modified":"2024-05-17T22:37:34","modified_gmt":"2024-05-17T20:37:34","slug":"termine","status":"publish","type":"page","link":"http:\/\/wp1189977.server-he.de\/wp\/?page_id=1541","title":{"rendered":"Termine"},"content":{"rendered":"\n<p>.<\/p>\n\n\n\n<h2 class=\"wp-block-heading has-text-color\" style=\"color:#e71010\"><strong>WICHTIGER HINWEIS:  Ab sofort findet auch wieder unser Monatstreffen jeweils am 3. Freitag des Monats statt. Informationen hierzu erhaltet Ihr regelm\u00e4\u00dfig in unserer Whats-App Gruppe.<\/strong><\/h2>\n\n\n\n<p>.<\/p>\n\n\n\n<p style=\"font-size:30px\"><strong>2024<\/strong><\/p>\n\n\n\n<p>.<\/p>\n\n\n\n<p><strong>Samstag, 13.01.2024<\/strong> \u2013 Feuerzauber, Feuerwehrhaus Uengershausen<\/p>\n\n\n\n<p>Beginn: 16:00 Uhr<\/p>\n\n\n\n<p>Anmeldung zum Fackelzug unter<\/p>\n\n\n\n<p><em>ffw.uengershausen@gmail.com<\/em><\/p>\n\n\n\n<p><a href=\"http:\/\/wp1189977.server-he.de\/wp\/wp-content\/uploads\/2023\/12\/1_Entwurf_Flyer_vr.png\" target=\"_blank\" rel=\"noreferrer noopener\">Flyer im Digitalformat<\/a><\/p>\n\n\n\n<p>.<\/p>\n\n\n\n<p><strong>Freitag, 19. Januar 2024<\/strong> &#8211; Jahreshauptversammlung der Freiwilligen Feuerwehr,  Feuerwehrger\u00e4tehaus Uengershausen<\/p>\n\n\n\n<p>Beginn:   19:30 Uhr<\/p>\n\n\n\n<p style=\"font-size:12px\"><strong>Mitglieder bitte in Uniform erscheinen.<\/strong><\/p>\n\n\n\n<p>.<\/p>\n\n\n\n<p><strong>Dienstag, 30.04.2024<\/strong> &#8211; Maibaumaufstellung, Mehrzweckhalle Uengershausen<\/p>\n\n\n\n<p>Beginn:&nbsp; 17:30 Uhr<\/p>\n\n\n\n<p>.<\/p>\n\n\n\n<p><strong>Freitag, 21.06.2024<\/strong> &#8211; Johannisfeuer der Singgemeinschaft, Aufbau des Feuers am Vortag<\/p>\n\n\n\n<h5 class=\"wp-block-heading\" style=\"font-size:12px\"><strong>Ansprechpartner in der Feuerwehr: Johannes Lang<\/strong><\/h5>\n\n\n\n<p>.<\/p>\n\n\n\n<p><strong>Samstag, 29.06.204 bis Sonntag 30.06.2024<\/strong> &#8211; Oldtimerfest der Oldtimerfreunde Uengershausen, Sonntag Oldtimerrundfahrt<\/p>\n\n\n\n<p style=\"font-size:12px\"><strong>Absperrung am Umzug durch die Feuerwehr<\/strong><\/p>\n\n\n\n<p><a href=\"http:\/\/wp1189977.server-he.de\/wp\/wp-content\/uploads\/2024\/05\/WhatsApp-Bild-2024-05-17-um-19.50.17_45944493.jpg\">Flyer zum Download<\/a><\/p>\n\n\n\n<p>.<\/p>\n\n\n\n<p><strong>Sonntag, 17.11.2024<\/strong> &#8211; Volkstrauertag, Abmarsch der Vereine an der Mehrzweckhalle,<\/p>\n\n\n\n<p>Treffpunkt an der Mehrzweckhalle, anschl. Abmarsch zum Gottesdienst,  Kiregerdenkmal und Fr\u00fchschoppen<\/p>\n\n\n\n<h5 class=\"wp-block-heading\" style=\"font-size:12px\"><strong>Absperrung durch die Feuerwehr<\/strong><\/h5>\n\n\n\n<p>.<\/p>\n\n\n\n<p style=\"font-size:28px\"><strong>Festbesuche 2024<\/strong><\/p>\n\n\n\n<p>.<\/p>\n\n\n\n<p class=\"has-black-color has-text-color\"><strong>Samstag, 27.04.2024 &#8211; Feuerwehrfest Kleinrinderfeld<\/strong> &#8211; Stimmungsabend<\/p>\n\n\n\n<p>.<\/p>\n\n\n\n<p><strong>Sonntag, 16.06.204 &#8211; Feuerwehfest Fuchsstadt &#8211; <\/strong>Festumzug, anschlie\u00dfend Festbetrieb<\/p>\n\n\n\n<p><a href=\"http:\/\/wp1189977.server-he.de\/wp\/wp-content\/uploads\/2024\/04\/150-Jahre-FFW-Fuchsstadt.jpg\">Flyer Feuerwehrfest Fuchsstadt<\/a><\/p>\n\n\n\n<p>.<\/p>\n\n\n\n<p><strong>Sonntag, 14.07.2024 &#8211; Feuerwehrfest Eibelstadt<\/strong>&#8211; Festumzug,<span style=\"color: #000000;\"> anschlie\u00dfend Festbetrieb<\/span><em><br><\/em>.<\/p>\n\n\n\n<p>Die Abfahrtszeiten werden kurzfristig festgelegt. Treffpunkt jeweils am Feuerwehrhaus.<\/p>\n\n\n\n<p>.<\/p>\n\n\n\n<p><em>Kontakt: ffw.uengershausen@gmail.com<\/em><\/p>\n\n\n\n<p><em>Facebook: <a rel=\"noreferrer noopener\" href=\"https:\/\/www.facebook.com\/profile.php?id=100067883266678\" target=\"_blank\">FFW Uengershausen<\/a><\/em><\/p>\n\n\n\n<h5 class=\"wp-block-heading\"><em>Instagram: <a rel=\"noreferrer noopener\" href=\"https:\/\/www.instagram.com\/ffw_uengershausen\/\" target=\"_blank\">ffw_uengershausen<\/a><\/em><\/h5>\n\n\n\n<h5 class=\"wp-block-heading\">.<\/h5>\n\n\n\n<p style=\"font-size:12px\"><em>Kein Anspruch auf Vollst\u00e4ndigkeit und Richtigkeit! \u00c4nderungen vorbehalten! Weitere Termine im Mitteilungsblatt des Marktes Reichenberg und im Schaukasten der Freiwilligen Feuerwehr Uengershausen oder bei Vorstandschaft und Kommandanten erfragen!<\/em><\/p>\n\n\n\n<h6 class=\"wp-block-heading\" style=\"font-size:11px\">&nbsp;<strong><em>Haftungshinweis: <\/em><\/strong><em>Trotz sorgf\u00e4ltiger inhaltlicher Kontrolle \u00fcbernehmen wir keine Haftung f\u00fcr die Inhalte externer Links. F\u00fcr den Inhalt der verlinkten Seiten sind ausschlie\u00dflich deren Betreiber verantwortlich.<\/em><\/h6>\n\n\n\n<h2 class=\"wp-block-heading\" style=\"font-size:11px\"><\/h2>\n","protected":false},"excerpt":{"rendered":"<p>. WICHTIGER HINWEIS: Ab sofort findet auch wieder unser Monatstreffen jeweils am 3. Freitag des Monats statt. Informationen hierzu erhaltet Ihr regelm\u00e4\u00dfig in unserer Whats-App Gruppe. . 2024 . Samstag, 13.01.2024 \u2013 Feuerzauber, Feuerwehrhaus Uengershausen Beginn: 16:00 Uhr Anmeldung zum &hellip; <a href=\"http:\/\/wp1189977.server-he.de\/wp\/?page_id=1541\">Weiterlesen <span class=\"meta-nav\">&rarr;<\/span><\/a><\/p>\n","protected":false},"author":8,"featured_media":1880,"parent":85,"menu_order":0,"comment_status":"closed","ping_status":"closed","template":"","meta":[],"_links":{"self":[{"href":"http:\/\/wp1189977.server-he.de\/wp\/index.php?rest_route=\/wp\/v2\/pages\/1541"}],"collection":[{"href":"http:\/\/wp1189977.server-he.de\/wp\/index.php?rest_route=\/wp\/v2\/pages"}],"about":[{"href":"http:\/\/wp1189977.server-he.de\/wp\/index.php?rest_route=\/wp\/v2\/types\/page"}],"author":[{"embeddable":true,"href":"http:\/\/wp1189977.server-he.de\/wp\/index.php?rest_route=\/wp\/v2\/users\/8"}],"replies":[{"embeddable":true,"href":"http:\/\/wp1189977.server-he.de\/wp\/index.php?rest_route=%2Fwp%2Fv2%2Fcomments&post=1541"}],"version-history":[{"count":129,"href":"http:\/\/wp1189977.server-he.de\/wp\/index.php?rest_route=\/wp\/v2\/pages\/1541\/revisions"}],"predecessor-version":[{"id":4877,"href":"http:\/\/wp1189977.server-he.de\/wp\/index.php?rest_route=\/wp\/v2\/pages\/1541\/revisions\/4877"}],"up":[{"embeddable":true,"href":"http:\/\/wp1189977.server-he.de\/wp\/index.php?rest_route=\/wp\/v2\/pages\/85"}],"wp:featuredmedia":[{"embeddable":true,"href":"http:\/\/wp1189977.server-he.de\/wp\/index.php?rest_route=\/wp\/v2\/media\/1880"}],"wp:attachment":[{"href":"http:\/\/wp1189977.server-he.de\/wp\/index.php?rest_route=%2Fwp%2Fv2%2Fmedia&parent=1541"}],"curies":[{"name":"wp","href":"https:\/\/api.w.org\/{rel}","templated":true}]}}