{"id":1126,"date":"2011-11-02T22:30:46","date_gmt":"2011-11-02T19:30:46","guid":{"rendered":"http:\/\/wp1189977.wp214.webpack.hosteurope.de\/wp\/?page_id=1126"},"modified":"2014-02-11T19:01:27","modified_gmt":"2014-02-11T16:01:27","slug":"radweg-uengershausen-reichenberg","status":"publish","type":"page","link":"http:\/\/wp1189977.server-he.de\/wp\/?page_id=1126","title":{"rendered":"Radweg Uengershausen &#8211; Reichenberg"},"content":{"rendered":"<p>Liebe Leser dieser Seite,<\/p>\n<p>Seit Jahren bem\u00fchen sich die Agenda-21-Gruppen aus Uengershausen und aus Reichenberg um ein Konzept f\u00fcr eine Radwegeverbindung zwischen beiden Ortsteilen, die f\u00fcr die Benutzer ein Optimum darstellt.<\/p>\n<p>Nach zwei Trassenbegehungen und zahlreichen Diskussionen (auch im Gemeinderat) traten die Initiatoren anl\u00e4sslich des Uengersh\u00e4user Dorffestes erstmals mit einem Fragebogen an die \u00d6ffentlichkeit, mit dessen Hilfe die B\u00fcrger ihre Meinung zu den verschiedenen m\u00f6glichen Varianten kundtun k\u00f6nnen.<\/p>\n<p>Sie k\u00f6nnen sich diesen Fragebogen herunterladen und im Dorfladen abgeben.<\/p>\n<p><a href=\"http:\/\/wp1189977.wp214.webpack.hosteurope.de\/wp\/wp-content\/uploads\/2011\/11\/Radweg-Uengershausen-Fragebogen.pdf\">Radweg Uengershausen Fragebogen<\/a><\/p>\n","protected":false},"excerpt":{"rendered":"<p>Liebe Leser dieser Seite, Seit Jahren bem\u00fchen sich die Agenda-21-Gruppen aus Uengershausen und aus Reichenberg um ein Konzept f\u00fcr eine Radwegeverbindung zwischen beiden Ortsteilen, die f\u00fcr die Benutzer ein Optimum darstellt. Nach zwei Trassenbegehungen und zahlreichen Diskussionen (auch im Gemeinderat) &hellip; <a href=\"http:\/\/wp1189977.server-he.de\/wp\/?page_id=1126\">Weiterlesen <span class=\"meta-nav\">&rarr;<\/span><\/a><\/p>\n","protected":false},"author":1,"featured_media":0,"parent":2,"menu_order":0,"comment_status":"closed","ping_status":"closed","template":"","meta":[],"_links":{"self":[{"href":"http:\/\/wp1189977.server-he.de\/wp\/index.php?rest_route=\/wp\/v2\/pages\/1126"}],"collection":[{"href":"http:\/\/wp1189977.server-he.de\/wp\/index.php?rest_route=\/wp\/v2\/pages"}],"about":[{"href":"http:\/\/wp1189977.server-he.de\/wp\/index.php?rest_route=\/wp\/v2\/types\/page"}],"author":[{"embeddable":true,"href":"http:\/\/wp1189977.server-he.de\/wp\/index.php?rest_route=\/wp\/v2\/users\/1"}],"replies":[{"embeddable":true,"href":"http:\/\/wp1189977.server-he.de\/wp\/index.php?rest_route=%2Fwp%2Fv2%2Fcomments&post=1126"}],"version-history":[{"count":3,"href":"http:\/\/wp1189977.server-he.de\/wp\/index.php?rest_route=\/wp\/v2\/pages\/1126\/revisions"}],"predecessor-version":[{"id":1129,"href":"http:\/\/wp1189977.server-he.de\/wp\/index.php?rest_route=\/wp\/v2\/pages\/1126\/revisions\/1129"}],"up":[{"embeddable":true,"href":"http:\/\/wp1189977.server-he.de\/wp\/index.php?rest_route=\/wp\/v2\/pages\/2"}],"wp:attachment":[{"href":"http:\/\/wp1189977.server-he.de\/wp\/index.php?rest_route=%2Fwp%2Fv2%2Fmedia&parent=1126"}],"curies":[{"name":"wp","href":"https:\/\/api.w.org\/{rel}","templated":true}]}}