{"id":1019,"date":"2011-08-15T13:50:24","date_gmt":"2011-08-15T10:50:24","guid":{"rendered":"http:\/\/wp1189977.wp214.webpack.hosteurope.de\/wp\/?page_id=1019"},"modified":"2012-02-12T20:59:35","modified_gmt":"2012-02-12T17:59:35","slug":"kontakt-und-anschrift","status":"publish","type":"page","link":"http:\/\/wp1189977.server-he.de\/wp\/?page_id=1019","title":{"rendered":"Kontakt und Anschrift"},"content":{"rendered":"<h2>Ev.-Luth. Pfarrei Reichenberg<\/h2>\n<h4>(Evang.-Luth. Kirchengemeinden Uengershausen und Reichenberg)<\/h4>\n<p>Pfarramt: Bahnhofstr. 40<\/p>\n<p>Telefon: 0931 \/ 69969<\/p>\n<p>Telefax: 0931 \/ 9917628<\/p>\n<p><strong>Pfarrer<\/strong> Matthias Pen\u00dfel<\/p>\n<p><strong>B\u00fcro:<\/strong> Sekret\u00e4rin Diana Hiller<\/p>\n<p><strong>B\u00fcrozeiten:<\/strong><\/p>\n<p>Montag und Freitag 8.00 bis 11.00 Uhr<\/p>\n<p>Dienstag\u00a0\u00a0\u00a0\u00a0\u00a0\u00a0\u00a0\u00a0\u00a0\u00a0\u00a0\u00a0\u00a0\u00a0\u00a0\u00a0\u00a0\u00a0\u00a0\u00a0 8.00 bis 11.45 Uhr<\/p>\n<p><strong>e-mail:<\/strong> pfarramt.reichenberg@elkb.de<\/p>\n<p><strong>Internet:<\/strong> www.ekwue.de<\/p>\n","protected":false},"excerpt":{"rendered":"<p>Ev.-Luth. Pfarrei Reichenberg (Evang.-Luth. Kirchengemeinden Uengershausen und Reichenberg) Pfarramt: Bahnhofstr. 40 Telefon: 0931 \/ 69969 Telefax: 0931 \/ 9917628 Pfarrer Matthias Pen\u00dfel B\u00fcro: Sekret\u00e4rin Diana Hiller B\u00fcrozeiten: Montag und Freitag 8.00 bis 11.00 Uhr Dienstag\u00a0\u00a0\u00a0\u00a0\u00a0\u00a0\u00a0\u00a0\u00a0\u00a0\u00a0\u00a0\u00a0\u00a0\u00a0\u00a0\u00a0\u00a0\u00a0\u00a0 8.00 bis 11.45 Uhr e-mail: &hellip; <a href=\"http:\/\/wp1189977.server-he.de\/wp\/?page_id=1019\">Weiterlesen <span class=\"meta-nav\">&rarr;<\/span><\/a><\/p>\n","protected":false},"author":13,"featured_media":0,"parent":298,"menu_order":0,"comment_status":"closed","ping_status":"closed","template":"","meta":[],"_links":{"self":[{"href":"http:\/\/wp1189977.server-he.de\/wp\/index.php?rest_route=\/wp\/v2\/pages\/1019"}],"collection":[{"href":"http:\/\/wp1189977.server-he.de\/wp\/index.php?rest_route=\/wp\/v2\/pages"}],"about":[{"href":"http:\/\/wp1189977.server-he.de\/wp\/index.php?rest_route=\/wp\/v2\/types\/page"}],"author":[{"embeddable":true,"href":"http:\/\/wp1189977.server-he.de\/wp\/index.php?rest_route=\/wp\/v2\/users\/13"}],"replies":[{"embeddable":true,"href":"http:\/\/wp1189977.server-he.de\/wp\/index.php?rest_route=%2Fwp%2Fv2%2Fcomments&post=1019"}],"version-history":[{"count":2,"href":"http:\/\/wp1189977.server-he.de\/wp\/index.php?rest_route=\/wp\/v2\/pages\/1019\/revisions"}],"predecessor-version":[{"id":1184,"href":"http:\/\/wp1189977.server-he.de\/wp\/index.php?rest_route=\/wp\/v2\/pages\/1019\/revisions\/1184"}],"up":[{"embeddable":true,"href":"http:\/\/wp1189977.server-he.de\/wp\/index.php?rest_route=\/wp\/v2\/pages\/298"}],"wp:attachment":[{"href":"http:\/\/wp1189977.server-he.de\/wp\/index.php?rest_route=%2Fwp%2Fv2%2Fmedia&parent=1019"}],"curies":[{"name":"wp","href":"https:\/\/api.w.org\/{rel}","templated":true}]}}